{"id":3315,"date":"2025-01-28T15:23:57","date_gmt":"2025-01-28T15:23:57","guid":{"rendered":"https:\/\/fettarraco.coop\/accessibilitat\/"},"modified":"2025-03-04T08:19:33","modified_gmt":"2025-03-04T08:19:33","slug":"accessibilitat","status":"publish","type":"page","link":"https:\/\/fettarraco.coop\/ca\/accessibilitat\/","title":{"rendered":"Accessibilitat"},"content":{"rendered":"<div class=\"alignwide-wrap\" data-block=\"columns\">\n<div class=\"wp-block-columns alignwide\">\n<div class=\"wp-block-column\">\n<h1 class=\"wp-block-heading\">Accessibilitat<\/h1>\n\n\n\n<p><strong>FeT Tarraco SCCL<\/strong> s&#8217;ha comprom\u00e8s a fer accessible el vostre lloc web, de conformitat amb el Reial Decret 1112\/2018, de 7 de setembre, sobre accessibilitat dels llocs web i aplicacions per a dispositius m\u00f2bils del sector p\u00fablic.<\/p>\n\n\n\n<p>Aquesta declaraci\u00f3 d&#8217;accessibilitat s&#8217;aplica al lloc web:<\/p>\n\n\n\n<p>\u2013 https:\/\/fettarraco.coop<\/p>\n\n\n\n<p>Aquest lloc web \u00e9s plenament conforme amb el RD 1112\/2018 a causa de les excepcions i la manca de conformitat dels aspectes que s&#8217;indiquen a continuaci\u00f3.<\/p>\n\n\n\n<p>Aquesta declaraci\u00f3 va ser preparada el 28 de gener de 2025.<\/p>\n\n\n\n<p>El m\u00e8tode emprat per preparar la declaraci\u00f3 ha estat una autoavaluaci\u00f3 duta a terme per la pr\u00f2pia empresa.<\/p>\n\n\n\n<p>\u00daltima revisi\u00f3 de la declaraci\u00f3: 28 de Gener de 2025.<\/p>\n\n\n\n<p>Podeu realitzar comunicacions sobre requisits d&#8217;accessibilitat (article 10.2.a) del RD 1112\/2018)<br\/>com per exemple:<\/p>\n\n\n\n<ul class=\"wp-block-list\">\n<li>informar sobre qualsevol possible incompliment per part d&#8217;aquest lloc web<\/li>\n<\/ul>\n\n\n\n<ul class=\"wp-block-list\">\n<li>transmetre altres dificultats d&#8217;acc\u00e9s al contingut<\/li>\n<\/ul>\n\n\n\n<ul class=\"wp-block-list\">\n<li>una queixa relativa al compliment dels requisits del RD 1112\/2018<\/li>\n<\/ul>\n\n\n\n<ul class=\"wp-block-list\"><\/ul>\n\n\n\n<ul class=\"wp-block-list\">\n<li>les comunicacions, les queixes i les sol\u00b7licituds d&#8217;informaci\u00f3 accessibles seran rebudes i tractades per <strong><strong>FeT Tarraco SCCL<\/strong><\/strong> .<\/li>\n<\/ul>\n\n\n\n<p><a href=\"https:\/\/www.cmcerda.com\/wordpress\/?page_id=1071#\"><em><\/em><\/a><\/p>\n<\/div>\n<\/div>\n<\/div>","protected":false},"excerpt":{"rendered":"<div class=\"entry-summary\">\nAccessibilitat FeT Tarraco SCCL s&#8217;ha comprom\u00e8s a fer accessible el vostre lloc web, de conformitat amb el Reial Decret 1112\/2018, de 7 de setembre, sobre accessibilitat dels llocs web i aplicacions per a dispositius m\u00f2bils del sector p\u00fablic. Aquesta declaraci\u00f3&hellip;\n<\/div>\n<div class=\"link-more-container\"><a href=\"https:\/\/fettarraco.coop\/ca\/accessibilitat\/\" class=\"link-more\" aria-label=\"Continue reading Accessibilitat\">Continue reading&hellip;<\/a><\/div>\n","protected":false},"author":2,"featured_media":0,"parent":0,"menu_order":0,"comment_status":"closed","ping_status":"closed","template":"","meta":{"_coblocks_attr":"","_coblocks_dimensions":"","_coblocks_responsive_height":"","_coblocks_accordion_ie_support":"","inline_featured_image":false,"_monsterinsights_skip_tracking":false,"_monsterinsights_sitenote_active":false,"_monsterinsights_sitenote_note":"","_monsterinsights_sitenote_category":0,"footnotes":""},"class_list":["post-3315","page","type-page","status-publish","hentry","entry","entry-type-page"],"yoast_head":"<!-- This site is optimized with the Yoast SEO plugin v25.4 - https:\/\/yoast.com\/wordpress\/plugins\/seo\/ -->\n<title>Accessibilitat - FeT Tarraco<\/title>\n<meta name=\"description\" content=\"Somos una cooperativa sin \u00e1nimo de lucro, especializada en Formaci\u00f3n Emocional Transformadora para impulsar el crecimiento personal y profesional de las personas en \u00e1mbitos laborales, educativos y sociales.\" \/>\n<meta name=\"robots\" content=\"index, follow, max-snippet:-1, max-image-preview:large, max-video-preview:-1\" \/>\n<link rel=\"canonical\" href=\"https:\/\/fettarraco.coop\/ca\/accessibilitat\/\" \/>\n<meta property=\"og:locale\" content=\"ca_ES\" \/>\n<meta property=\"og:type\" content=\"article\" \/>\n<meta property=\"og:title\" content=\"Accessibilitat - FeT Tarraco\" \/>\n<meta property=\"og:description\" content=\"Somos una cooperativa sin \u00e1nimo de lucro, especializada en Formaci\u00f3n Emocional Transformadora para impulsar el crecimiento personal y profesional de las personas en \u00e1mbitos laborales, educativos y sociales.\" \/>\n<meta property=\"og:url\" content=\"https:\/\/fettarraco.coop\/ca\/accessibilitat\/\" \/>\n<meta property=\"og:site_name\" content=\"FeT Tarraco\" \/>\n<meta property=\"article:modified_time\" content=\"2025-03-04T08:19:33+00:00\" \/>\n<meta name=\"twitter:card\" content=\"summary_large_image\" \/>\n<script type=\"application\/ld+json\" class=\"yoast-schema-graph\">{\"@context\":\"https:\/\/schema.org\",\"@graph\":[{\"@type\":\"WebPage\",\"@id\":\"https:\/\/fettarraco.coop\/ca\/accessibilitat\/\",\"url\":\"https:\/\/fettarraco.coop\/ca\/accessibilitat\/\",\"name\":\"Accessibilitat - FeT Tarraco\",\"isPartOf\":{\"@id\":\"https:\/\/fettarraco.coop\/ca\/#website\"},\"datePublished\":\"2025-01-28T15:23:57+00:00\",\"dateModified\":\"2025-03-04T08:19:33+00:00\",\"description\":\"Somos una cooperativa sin \u00e1nimo de lucro, especializada en Formaci\u00f3n Emocional Transformadora para impulsar el crecimiento personal y profesional de las personas en \u00e1mbitos laborales, educativos y sociales.\",\"breadcrumb\":{\"@id\":\"https:\/\/fettarraco.coop\/ca\/accessibilitat\/#breadcrumb\"},\"inLanguage\":\"ca\",\"potentialAction\":[{\"@type\":\"ReadAction\",\"target\":[\"https:\/\/fettarraco.coop\/ca\/accessibilitat\/\"]}]},{\"@type\":\"BreadcrumbList\",\"@id\":\"https:\/\/fettarraco.coop\/ca\/accessibilitat\/#breadcrumb\",\"itemListElement\":[{\"@type\":\"ListItem\",\"position\":1,\"name\":\"Portada\",\"item\":\"https:\/\/fettarraco.coop\/ca\/\"},{\"@type\":\"ListItem\",\"position\":2,\"name\":\"Accessibilitat\"}]},{\"@type\":\"WebSite\",\"@id\":\"https:\/\/fettarraco.coop\/ca\/#website\",\"url\":\"https:\/\/fettarraco.coop\/ca\/\",\"name\":\"Fet Tarraco SCCL\",\"description\":\"Crecimiento personal y empresarial en Tarragona\",\"publisher\":{\"@id\":\"https:\/\/fettarraco.coop\/ca\/#organization\"},\"alternateName\":\"FeT Tarraco\",\"potentialAction\":[{\"@type\":\"SearchAction\",\"target\":{\"@type\":\"EntryPoint\",\"urlTemplate\":\"https:\/\/fettarraco.coop\/ca\/?s={search_term_string}\"},\"query-input\":{\"@type\":\"PropertyValueSpecification\",\"valueRequired\":true,\"valueName\":\"search_term_string\"}}],\"inLanguage\":\"ca\"},{\"@type\":\"Organization\",\"@id\":\"https:\/\/fettarraco.coop\/ca\/#organization\",\"name\":\"FeT Tarraco SCCL\",\"alternateName\":\"FeT Tarraco\",\"url\":\"https:\/\/fettarraco.coop\/ca\/\",\"logo\":{\"@type\":\"ImageObject\",\"inLanguage\":\"ca\",\"@id\":\"https:\/\/fettarraco.coop\/ca\/#\/schema\/logo\/image\/\",\"url\":\"https:\/\/fettarraco.coop\/wp-content\/uploads\/2025\/01\/icono-1.svg\",\"contentUrl\":\"https:\/\/fettarraco.coop\/wp-content\/uploads\/2025\/01\/icono-1.svg\",\"caption\":\"FeT Tarraco SCCL\"},\"image\":{\"@id\":\"https:\/\/fettarraco.coop\/ca\/#\/schema\/logo\/image\/\"}}]}<\/script>\n<!-- \/ Yoast SEO plugin. -->","yoast_head_json":{"title":"Accessibilitat - FeT Tarraco","description":"Somos una cooperativa sin \u00e1nimo de lucro, especializada en Formaci\u00f3n Emocional Transformadora para impulsar el crecimiento personal y profesional de las personas en \u00e1mbitos laborales, educativos y sociales.","robots":{"index":"index","follow":"follow","max-snippet":"max-snippet:-1","max-image-preview":"max-image-preview:large","max-video-preview":"max-video-preview:-1"},"canonical":"https:\/\/fettarraco.coop\/ca\/accessibilitat\/","og_locale":"ca_ES","og_type":"article","og_title":"Accessibilitat - FeT Tarraco","og_description":"Somos una cooperativa sin \u00e1nimo de lucro, especializada en Formaci\u00f3n Emocional Transformadora para impulsar el crecimiento personal y profesional de las personas en \u00e1mbitos laborales, educativos y sociales.","og_url":"https:\/\/fettarraco.coop\/ca\/accessibilitat\/","og_site_name":"FeT Tarraco","article_modified_time":"2025-03-04T08:19:33+00:00","twitter_card":"summary_large_image","schema":{"@context":"https:\/\/schema.org","@graph":[{"@type":"WebPage","@id":"https:\/\/fettarraco.coop\/ca\/accessibilitat\/","url":"https:\/\/fettarraco.coop\/ca\/accessibilitat\/","name":"Accessibilitat - FeT Tarraco","isPartOf":{"@id":"https:\/\/fettarraco.coop\/ca\/#website"},"datePublished":"2025-01-28T15:23:57+00:00","dateModified":"2025-03-04T08:19:33+00:00","description":"Somos una cooperativa sin \u00e1nimo de lucro, especializada en Formaci\u00f3n Emocional Transformadora para impulsar el crecimiento personal y profesional de las personas en \u00e1mbitos laborales, educativos y sociales.","breadcrumb":{"@id":"https:\/\/fettarraco.coop\/ca\/accessibilitat\/#breadcrumb"},"inLanguage":"ca","potentialAction":[{"@type":"ReadAction","target":["https:\/\/fettarraco.coop\/ca\/accessibilitat\/"]}]},{"@type":"BreadcrumbList","@id":"https:\/\/fettarraco.coop\/ca\/accessibilitat\/#breadcrumb","itemListElement":[{"@type":"ListItem","position":1,"name":"Portada","item":"https:\/\/fettarraco.coop\/ca\/"},{"@type":"ListItem","position":2,"name":"Accessibilitat"}]},{"@type":"WebSite","@id":"https:\/\/fettarraco.coop\/ca\/#website","url":"https:\/\/fettarraco.coop\/ca\/","name":"Fet Tarraco SCCL","description":"Crecimiento personal y empresarial en Tarragona","publisher":{"@id":"https:\/\/fettarraco.coop\/ca\/#organization"},"alternateName":"FeT Tarraco","potentialAction":[{"@type":"SearchAction","target":{"@type":"EntryPoint","urlTemplate":"https:\/\/fettarraco.coop\/ca\/?s={search_term_string}"},"query-input":{"@type":"PropertyValueSpecification","valueRequired":true,"valueName":"search_term_string"}}],"inLanguage":"ca"},{"@type":"Organization","@id":"https:\/\/fettarraco.coop\/ca\/#organization","name":"FeT Tarraco SCCL","alternateName":"FeT Tarraco","url":"https:\/\/fettarraco.coop\/ca\/","logo":{"@type":"ImageObject","inLanguage":"ca","@id":"https:\/\/fettarraco.coop\/ca\/#\/schema\/logo\/image\/","url":"https:\/\/fettarraco.coop\/wp-content\/uploads\/2025\/01\/icono-1.svg","contentUrl":"https:\/\/fettarraco.coop\/wp-content\/uploads\/2025\/01\/icono-1.svg","caption":"FeT Tarraco SCCL"},"image":{"@id":"https:\/\/fettarraco.coop\/ca\/#\/schema\/logo\/image\/"}}]}},"_links":{"self":[{"href":"https:\/\/fettarraco.coop\/ca\/wp-json\/wp\/v2\/pages\/3315","targetHints":{"allow":["GET"]}}],"collection":[{"href":"https:\/\/fettarraco.coop\/ca\/wp-json\/wp\/v2\/pages"}],"about":[{"href":"https:\/\/fettarraco.coop\/ca\/wp-json\/wp\/v2\/types\/page"}],"author":[{"embeddable":true,"href":"https:\/\/fettarraco.coop\/ca\/wp-json\/wp\/v2\/users\/2"}],"replies":[{"embeddable":true,"href":"https:\/\/fettarraco.coop\/ca\/wp-json\/wp\/v2\/comments?post=3315"}],"version-history":[{"count":3,"href":"https:\/\/fettarraco.coop\/ca\/wp-json\/wp\/v2\/pages\/3315\/revisions"}],"predecessor-version":[{"id":3390,"href":"https:\/\/fettarraco.coop\/ca\/wp-json\/wp\/v2\/pages\/3315\/revisions\/3390"}],"wp:attachment":[{"href":"https:\/\/fettarraco.coop\/ca\/wp-json\/wp\/v2\/media?parent=3315"}],"curies":[{"name":"wp","href":"https:\/\/api.w.org\/{rel}","templated":true}]}}