{"id":3317,"date":"2020-01-15T21:30:10","date_gmt":"2020-01-15T21:30:10","guid":{"rendered":"https:\/\/fettarraco.coop\/contacte\/"},"modified":"2025-03-04T08:38:26","modified_gmt":"2025-03-04T08:38:26","slug":"contacte","status":"publish","type":"page","link":"https:\/\/fettarraco.coop\/ca\/contacte\/","title":{"rendered":"Contacte"},"content":{"rendered":"<div class=\"alignwide-wrap\" data-block=\"columns\">\n<div class=\"wp-block-columns alignwide\">\n<div class=\"wp-block-column is-vertically-aligned-top has-background\" style=\"background-color:#fefefe;padding-top:var(--wp--preset--spacing--40);padding-right:var(--wp--preset--spacing--40);padding-bottom:var(--wp--preset--spacing--40);padding-left:var(--wp--preset--spacing--40);flex-basis:60%\">\n<h2 class=\"wp-block-heading h3\" style=\"font-size:35px\">Escriu-nos<\/h2>\n\n\n\n<div class=\"wpcf7 no-js\" id=\"wpcf7-f3378-o1\" lang=\"es-ES\" dir=\"ltr\" data-wpcf7-id=\"3378\">\n<div class=\"screen-reader-response\"><p role=\"status\" aria-live=\"polite\" aria-atomic=\"true\"><\/p> <ul><\/ul><\/div>\n<form action=\"\/ca\/wp-json\/wp\/v2\/pages\/3317#wpcf7-f3378-o1\" method=\"post\" class=\"wpcf7-form init\" aria-label=\"Formulario de contacto\" novalidate=\"novalidate\" data-status=\"init\">\n<fieldset class=\"hidden-fields-container\"><input type=\"hidden\" name=\"_wpcf7\" value=\"3378\" \/><input type=\"hidden\" name=\"_wpcf7_version\" value=\"6.1.5\" \/><input type=\"hidden\" name=\"_wpcf7_locale\" value=\"es_ES\" \/><input type=\"hidden\" name=\"_wpcf7_unit_tag\" value=\"wpcf7-f3378-o1\" \/><input type=\"hidden\" name=\"_wpcf7_container_post\" value=\"0\" \/><input type=\"hidden\" name=\"_wpcf7_posted_data_hash\" value=\"\" \/>\n<\/fieldset>\n<p><label> El teu nom*<br \/>\n<span class=\"wpcf7-form-control-wrap\" data-name=\"your-name\"><input size=\"40\" maxlength=\"400\" class=\"wpcf7-form-control wpcf7-text wpcf7-validates-as-required\" autocomplete=\"name\" aria-required=\"true\" aria-invalid=\"false\" value=\"\" type=\"text\" name=\"your-name\" \/><\/span> <\/label>\n<\/p>\n<p><label> Email*<br \/>\n<span class=\"wpcf7-form-control-wrap\" data-name=\"email-398\"><input size=\"40\" maxlength=\"1000\" minlength=\"4\" class=\"wpcf7-form-control wpcf7-email wpcf7-validates-as-required wpcf7-text wpcf7-validates-as-email\" autocomplete=\"email\" aria-required=\"true\" aria-invalid=\"false\" value=\"\" type=\"email\" name=\"email-398\" \/><\/span><\/label>\n<\/p>\n<p><label> Tel\u00e8fon<br \/>\n<span class=\"wpcf7-form-control-wrap\" data-name=\"tel-405\"><input size=\"40\" maxlength=\"400\" class=\"wpcf7-form-control wpcf7-tel wpcf7-text wpcf7-validates-as-tel\" aria-invalid=\"false\" value=\"\" type=\"tel\" name=\"tel-405\" \/><\/span> <\/label>\n<\/p>\n<p><label> Missatge<br \/>\n<span class=\"wpcf7-form-control-wrap\" data-name=\"textarea-94\"><textarea cols=\"40\" rows=\"10\" maxlength=\"50\" class=\"wpcf7-form-control wpcf7-textarea\" aria-invalid=\"false\" name=\"textarea-94\"><\/textarea><\/span> <\/label>\n<\/p>\n<p><span class=\"wpcf7-form-control-wrap\" data-name=\"acceptance-599\"><span class=\"wpcf7-form-control wpcf7-acceptance\"><span class=\"wpcf7-list-item\"><label><input type=\"checkbox\" name=\"acceptance-599\" value=\"1\" aria-invalid=\"false\" \/><span class=\"wpcf7-list-item-label\">Accepto la <a href=\"https:\/\/fettarraco.coop\/ca\/politica-de-privacitat\/\">Pol\u00edtica de privacitat<\/a>.<\/span><\/label><\/span><\/span><\/span><br \/>\n<input class=\"wpcf7-form-control wpcf7-submit has-spinner\" type=\"submit\" value=\"Enviar\" \/>\n<\/p><p style=\"display: none !important;\" class=\"akismet-fields-container\" data-prefix=\"_wpcf7_ak_\"><label>&#916;<textarea name=\"_wpcf7_ak_hp_textarea\" cols=\"45\" rows=\"8\" maxlength=\"100\"><\/textarea><\/label><input type=\"hidden\" id=\"ak_js_1\" name=\"_wpcf7_ak_js\" value=\"33\"\/><script>document.getElementById( \"ak_js_1\" ).setAttribute( \"value\", ( new Date() ).getTime() );<\/script><\/p><div class=\"wpcf7-response-output\" aria-hidden=\"true\"><\/div>\n<\/form>\n<\/div>\n\n<\/div>\n\n\n\n<div class=\"wp-block-column is-vertically-aligned-top\" style=\"padding-top:var(--wp--preset--spacing--40);padding-right:var(--wp--preset--spacing--40);padding-bottom:var(--wp--preset--spacing--40);padding-left:var(--wp--preset--spacing--40);flex-basis:40%\">\n<h3 class=\"wp-block-heading h3\" style=\"font-size:35px\">Contacte<\/h3>\n\n\n\n<p><a href=\"https:\/\/www.google.es\/maps\/search\/FeT+Tarraco+SCCL+Rambla+Nova,+56+5%C3%A8+2%C2%AA++43004+Tarragona+T+977+214+106+%E2%80%93+640+817+028+info@fettarraco.coop\/@41.1151863,1.2503016,17z\/data=!3m1!4b1?entry=ttu&amp;g_ep=EgoyMDI1MDEyNi4wIKXMDSoASAFQAw%3D%3D\" target=\"_blank\" rel=\"noreferrer noopener\">FeT T\u00e0rraco SCCL<br>Rambla Nova, 56 5\u00e8 2a<br>43004 Tarragona<\/a><\/p>\n\n\n\n<p><br>T. <a href=\"tel:977214106\">977 214 106<\/a> \u2013 <a href=\"tel:tel:642178406\">642 17 84 06<\/a><\/p>\n\n\n\n<p><br><a href=\"mailto:info@fettarraco.coop\">info@fettarraco.coop<\/a><\/p>\n\n\n<div class=\"wp-block-image h3\">\n<figure class=\"aligncenter size-large is-resized coblocks-animate\" style=\"font-size:35px\" data-coblocks-animation=\"zoomIn\"><img decoding=\"async\" src=\"https:\/\/fettarraco.coop\/wp-content\/uploads\/2025\/02\/arrow-down.svg\" alt=\"\" class=\"wp-image-2667\" style=\"width:93px;height:auto\"\/><\/figure><\/div>\n\n\n<p>Els animals de companyia o mascotes s\u00f3n ben rebuts i reben un tracte adequat.<\/p><script src=\"https:\/\/unpkg.com\/@lottiefiles\/lottie-player@latest\/dist\/lottie-player.js\"><\/script>\n<lottie-player src=\"https:\/\/assets3.lottiefiles.com\/temp\/lf20_tsdGdl.json\" background=\"transparent\" speed=\"1\" style=\"width: 300px; height: 300px; margin-top: -90px\" loop=\"\" autoplay=\"\"><\/lottie-player>\n<\/div>\n<\/div>\n<\/div>\n\n\n<div style=\"height:77px\" aria-hidden=\"true\" class=\"wp-block-spacer\"><\/div>\n\n\n\n<div style=\"height:100px\" aria-hidden=\"true\" class=\"wp-block-spacer\"><\/div>\n","protected":false},"excerpt":{"rendered":"<div class=\"entry-summary\">\nBig a molt de pink allow theoretically put had wanted have gm the must makers to was there their process.\n<\/div>\n<div class=\"link-more-container\"><a href=\"https:\/\/fettarraco.coop\/ca\/contacte\/\" class=\"link-more\" aria-label=\"Continue reading Contacte\">Continue reading&hellip;<\/a><\/div>\n","protected":false},"author":2,"featured_media":0,"parent":0,"menu_order":0,"comment_status":"closed","ping_status":"closed","template":"","meta":{"_coblocks_attr":"","_coblocks_dimensions":"","_coblocks_responsive_height":"","_coblocks_accordion_ie_support":"","inline_featured_image":false,"_monsterinsights_skip_tracking":false,"_monsterinsights_sitenote_active":false,"_monsterinsights_sitenote_note":"","_monsterinsights_sitenote_category":0,"footnotes":""},"class_list":["post-3317","page","type-page","status-publish","hentry","entry","entry-type-page"],"yoast_head":"<!-- This site is optimized with the Yoast SEO plugin v25.4 - https:\/\/yoast.com\/wordpress\/plugins\/seo\/ -->\n<title>Contacte - FeT Tarraco<\/title>\n<meta name=\"description\" content=\"Somos una cooperativa sin \u00e1nimo de lucro, especializada en Formaci\u00f3n Emocional Transformadora para impulsar el crecimiento personal y profesional de las personas en \u00e1mbitos laborales, educativos y sociales.\" \/>\n<meta name=\"robots\" content=\"index, follow, max-snippet:-1, max-image-preview:large, max-video-preview:-1\" \/>\n<link rel=\"canonical\" href=\"https:\/\/fettarraco.coop\/ca\/contacte\/\" \/>\n<meta property=\"og:locale\" content=\"ca_ES\" \/>\n<meta property=\"og:type\" content=\"article\" \/>\n<meta property=\"og:title\" content=\"Contacte - FeT Tarraco\" \/>\n<meta property=\"og:description\" content=\"Somos una cooperativa sin \u00e1nimo de lucro, especializada en Formaci\u00f3n Emocional Transformadora para impulsar el crecimiento personal y profesional de las personas en \u00e1mbitos laborales, educativos y sociales.\" \/>\n<meta property=\"og:url\" content=\"https:\/\/fettarraco.coop\/ca\/contacte\/\" \/>\n<meta property=\"og:site_name\" content=\"FeT Tarraco\" \/>\n<meta property=\"article:modified_time\" content=\"2025-03-04T08:38:26+00:00\" \/>\n<meta name=\"twitter:card\" content=\"summary_large_image\" \/>\n<script type=\"application\/ld+json\" class=\"yoast-schema-graph\">{\"@context\":\"https:\/\/schema.org\",\"@graph\":[{\"@type\":\"WebPage\",\"@id\":\"https:\/\/fettarraco.coop\/ca\/contacte\/\",\"url\":\"https:\/\/fettarraco.coop\/ca\/contacte\/\",\"name\":\"Contacte - FeT Tarraco\",\"isPartOf\":{\"@id\":\"https:\/\/fettarraco.coop\/ca\/#website\"},\"primaryImageOfPage\":{\"@id\":\"https:\/\/fettarraco.coop\/ca\/contacte\/#primaryimage\"},\"image\":{\"@id\":\"https:\/\/fettarraco.coop\/ca\/contacte\/#primaryimage\"},\"thumbnailUrl\":\"https:\/\/fettarraco.coop\/wp-content\/uploads\/2025\/02\/arrow-down.svg\",\"datePublished\":\"2020-01-15T21:30:10+00:00\",\"dateModified\":\"2025-03-04T08:38:26+00:00\",\"description\":\"Somos una cooperativa sin \u00e1nimo de lucro, especializada en Formaci\u00f3n Emocional Transformadora para impulsar el crecimiento personal y profesional de las personas en \u00e1mbitos laborales, educativos y sociales.\",\"breadcrumb\":{\"@id\":\"https:\/\/fettarraco.coop\/ca\/contacte\/#breadcrumb\"},\"inLanguage\":\"ca\",\"potentialAction\":[{\"@type\":\"ReadAction\",\"target\":[\"https:\/\/fettarraco.coop\/ca\/contacte\/\"]}]},{\"@type\":\"ImageObject\",\"inLanguage\":\"ca\",\"@id\":\"https:\/\/fettarraco.coop\/ca\/contacte\/#primaryimage\",\"url\":\"https:\/\/fettarraco.coop\/wp-content\/uploads\/2025\/02\/arrow-down.svg\",\"contentUrl\":\"https:\/\/fettarraco.coop\/wp-content\/uploads\/2025\/02\/arrow-down.svg\"},{\"@type\":\"BreadcrumbList\",\"@id\":\"https:\/\/fettarraco.coop\/ca\/contacte\/#breadcrumb\",\"itemListElement\":[{\"@type\":\"ListItem\",\"position\":1,\"name\":\"Portada\",\"item\":\"https:\/\/fettarraco.coop\/ca\/\"},{\"@type\":\"ListItem\",\"position\":2,\"name\":\"Contacte\"}]},{\"@type\":\"WebSite\",\"@id\":\"https:\/\/fettarraco.coop\/ca\/#website\",\"url\":\"https:\/\/fettarraco.coop\/ca\/\",\"name\":\"Fet Tarraco SCCL\",\"description\":\"Crecimiento personal y empresarial en Tarragona\",\"publisher\":{\"@id\":\"https:\/\/fettarraco.coop\/ca\/#organization\"},\"alternateName\":\"FeT Tarraco\",\"potentialAction\":[{\"@type\":\"SearchAction\",\"target\":{\"@type\":\"EntryPoint\",\"urlTemplate\":\"https:\/\/fettarraco.coop\/ca\/?s={search_term_string}\"},\"query-input\":{\"@type\":\"PropertyValueSpecification\",\"valueRequired\":true,\"valueName\":\"search_term_string\"}}],\"inLanguage\":\"ca\"},{\"@type\":\"Organization\",\"@id\":\"https:\/\/fettarraco.coop\/ca\/#organization\",\"name\":\"FeT Tarraco SCCL\",\"alternateName\":\"FeT Tarraco\",\"url\":\"https:\/\/fettarraco.coop\/ca\/\",\"logo\":{\"@type\":\"ImageObject\",\"inLanguage\":\"ca\",\"@id\":\"https:\/\/fettarraco.coop\/ca\/#\/schema\/logo\/image\/\",\"url\":\"https:\/\/fettarraco.coop\/wp-content\/uploads\/2025\/01\/icono-1.svg\",\"contentUrl\":\"https:\/\/fettarraco.coop\/wp-content\/uploads\/2025\/01\/icono-1.svg\",\"caption\":\"FeT Tarraco SCCL\"},\"image\":{\"@id\":\"https:\/\/fettarraco.coop\/ca\/#\/schema\/logo\/image\/\"}}]}<\/script>\n<!-- \/ Yoast SEO plugin. -->","yoast_head_json":{"title":"Contacte - FeT Tarraco","description":"Somos una cooperativa sin \u00e1nimo de lucro, especializada en Formaci\u00f3n Emocional Transformadora para impulsar el crecimiento personal y profesional de las personas en \u00e1mbitos laborales, educativos y sociales.","robots":{"index":"index","follow":"follow","max-snippet":"max-snippet:-1","max-image-preview":"max-image-preview:large","max-video-preview":"max-video-preview:-1"},"canonical":"https:\/\/fettarraco.coop\/ca\/contacte\/","og_locale":"ca_ES","og_type":"article","og_title":"Contacte - FeT Tarraco","og_description":"Somos una cooperativa sin \u00e1nimo de lucro, especializada en Formaci\u00f3n Emocional Transformadora para impulsar el crecimiento personal y profesional de las personas en \u00e1mbitos laborales, educativos y sociales.","og_url":"https:\/\/fettarraco.coop\/ca\/contacte\/","og_site_name":"FeT Tarraco","article_modified_time":"2025-03-04T08:38:26+00:00","twitter_card":"summary_large_image","schema":{"@context":"https:\/\/schema.org","@graph":[{"@type":"WebPage","@id":"https:\/\/fettarraco.coop\/ca\/contacte\/","url":"https:\/\/fettarraco.coop\/ca\/contacte\/","name":"Contacte - FeT Tarraco","isPartOf":{"@id":"https:\/\/fettarraco.coop\/ca\/#website"},"primaryImageOfPage":{"@id":"https:\/\/fettarraco.coop\/ca\/contacte\/#primaryimage"},"image":{"@id":"https:\/\/fettarraco.coop\/ca\/contacte\/#primaryimage"},"thumbnailUrl":"https:\/\/fettarraco.coop\/wp-content\/uploads\/2025\/02\/arrow-down.svg","datePublished":"2020-01-15T21:30:10+00:00","dateModified":"2025-03-04T08:38:26+00:00","description":"Somos una cooperativa sin \u00e1nimo de lucro, especializada en Formaci\u00f3n Emocional Transformadora para impulsar el crecimiento personal y profesional de las personas en \u00e1mbitos laborales, educativos y sociales.","breadcrumb":{"@id":"https:\/\/fettarraco.coop\/ca\/contacte\/#breadcrumb"},"inLanguage":"ca","potentialAction":[{"@type":"ReadAction","target":["https:\/\/fettarraco.coop\/ca\/contacte\/"]}]},{"@type":"ImageObject","inLanguage":"ca","@id":"https:\/\/fettarraco.coop\/ca\/contacte\/#primaryimage","url":"https:\/\/fettarraco.coop\/wp-content\/uploads\/2025\/02\/arrow-down.svg","contentUrl":"https:\/\/fettarraco.coop\/wp-content\/uploads\/2025\/02\/arrow-down.svg"},{"@type":"BreadcrumbList","@id":"https:\/\/fettarraco.coop\/ca\/contacte\/#breadcrumb","itemListElement":[{"@type":"ListItem","position":1,"name":"Portada","item":"https:\/\/fettarraco.coop\/ca\/"},{"@type":"ListItem","position":2,"name":"Contacte"}]},{"@type":"WebSite","@id":"https:\/\/fettarraco.coop\/ca\/#website","url":"https:\/\/fettarraco.coop\/ca\/","name":"Fet Tarraco SCCL","description":"Crecimiento personal y empresarial en Tarragona","publisher":{"@id":"https:\/\/fettarraco.coop\/ca\/#organization"},"alternateName":"FeT Tarraco","potentialAction":[{"@type":"SearchAction","target":{"@type":"EntryPoint","urlTemplate":"https:\/\/fettarraco.coop\/ca\/?s={search_term_string}"},"query-input":{"@type":"PropertyValueSpecification","valueRequired":true,"valueName":"search_term_string"}}],"inLanguage":"ca"},{"@type":"Organization","@id":"https:\/\/fettarraco.coop\/ca\/#organization","name":"FeT Tarraco SCCL","alternateName":"FeT Tarraco","url":"https:\/\/fettarraco.coop\/ca\/","logo":{"@type":"ImageObject","inLanguage":"ca","@id":"https:\/\/fettarraco.coop\/ca\/#\/schema\/logo\/image\/","url":"https:\/\/fettarraco.coop\/wp-content\/uploads\/2025\/01\/icono-1.svg","contentUrl":"https:\/\/fettarraco.coop\/wp-content\/uploads\/2025\/01\/icono-1.svg","caption":"FeT Tarraco SCCL"},"image":{"@id":"https:\/\/fettarraco.coop\/ca\/#\/schema\/logo\/image\/"}}]}},"_links":{"self":[{"href":"https:\/\/fettarraco.coop\/ca\/wp-json\/wp\/v2\/pages\/3317","targetHints":{"allow":["GET"]}}],"collection":[{"href":"https:\/\/fettarraco.coop\/ca\/wp-json\/wp\/v2\/pages"}],"about":[{"href":"https:\/\/fettarraco.coop\/ca\/wp-json\/wp\/v2\/types\/page"}],"author":[{"embeddable":true,"href":"https:\/\/fettarraco.coop\/ca\/wp-json\/wp\/v2\/users\/2"}],"replies":[{"embeddable":true,"href":"https:\/\/fettarraco.coop\/ca\/wp-json\/wp\/v2\/comments?post=3317"}],"version-history":[{"count":6,"href":"https:\/\/fettarraco.coop\/ca\/wp-json\/wp\/v2\/pages\/3317\/revisions"}],"predecessor-version":[{"id":3397,"href":"https:\/\/fettarraco.coop\/ca\/wp-json\/wp\/v2\/pages\/3317\/revisions\/3397"}],"wp:attachment":[{"href":"https:\/\/fettarraco.coop\/ca\/wp-json\/wp\/v2\/media?parent=3317"}],"curies":[{"name":"wp","href":"https:\/\/api.w.org\/{rel}","templated":true}]}}