{"id":3336,"date":"2025-01-29T18:51:16","date_gmt":"2025-01-29T18:51:16","guid":{"rendered":"https:\/\/fettarraco.coop\/avis-legal\/"},"modified":"2025-03-03T17:08:31","modified_gmt":"2025-03-03T17:08:31","slug":"avis-legal","status":"publish","type":"page","link":"https:\/\/fettarraco.coop\/ca\/avis-legal\/","title":{"rendered":"Av\u00eds legal"},"content":{"rendered":"\n<div class=\"wp-block-columns alignfull\">\n<div class=\"wp-block-column\">\n<h1 class=\"wp-block-heading\">Av\u00eds legal<\/h1>\n\n\n\n<p>Aquesta p\u00e0gina Web \u00e9s propietat de <strong>FET TARRACO SCCL<\/strong> amb NIF F09690660 i domicili a RAMBLA NOVA, 56, 5-2 43004 TARRAGONA, Espanya. E inscrita al Registre de Cooperatives de Tarragona, amb les dades d&#8217;inscripci\u00f3 seg\u00fcents: full 15857.<\/p>\n\n\n\n<p>Per a qualsevol consulta o proposta, contacteu-nos a l&#8217;e-mail: <a href=\"mailto:info@fettarraco.coop\">info@fettarraco.coop<\/a><\/p>\n\n\n\n<p>Aquesta p\u00e0gina web es regeix per la normativa exclusivament aplicable a Espanya i en espai que compr\u00e8n la Uni\u00f3 Europea, quedant-hi sotmesa, tant nacionals com estrangers que utilitzin aquesta web.<\/p>\n\n\n\n<p>L&#8217;acc\u00e9s a la nostra p\u00e0gina Web per part de l&#8217;USUARI \u00e9s gratu\u00eft i est\u00e0 condicionat a la pr\u00e8via lectura i acceptaci\u00f3 \u00edntegra, expressa i sense reserves de les presents CONDICIONS GENERALS D&#8217;\u00daS vigents en el moment de l&#8217;acc\u00e9s, que preguem llegiu detingudament. L&#8217;USUARI en el moment que utilitza el nostre portal, els seus continguts o serveis, accepta i se sotmet expressament a les condicions generals d&#8217;\u00fas. Si l&#8217;usuari no est\u00e0 d&#8217;acord amb aquestes condicions d&#8217;\u00fas, cal abstenir-se d&#8217;utilitzar aquest portal i operar-hi.<\/p>\n\n\n\n<p>En qualsevol moment podrem modificar la presentaci\u00f3 i configuraci\u00f3 de la nostra Web, ampliar o reduir serveis, i fins i tot suprimir-la de la Xarxa, aix\u00ed com els serveis i continguts prestats, tot aix\u00f2 de forma unilateral i sense av\u00eds previ.<\/p>\n\n\n\n<h3 class=\"wp-block-heading\">A. Propietat intel\u00b7lectual<\/h3>\n\n\n\n<p>Tots els continguts, textos, imatges, marques i codis font s\u00f3n de la nostra propietat o de tercers als quals s&#8217;han adquirit els drets d&#8217;explotaci\u00f3 i estan protegits pels drets de propietat intel\u00b7lectual i industrial.<\/p>\n\n\n\n<p>L&#8217;usuari \u00fanicament t\u00e9 dret a un \u00fas privat dels mateixos, sense \u00e0nim de lucre, i necessita autoritzaci\u00f3 expressa per modificar-los, reproduir-los, explotar-los, distribuir-los o exercir qualsevol dret pertanyent al titular.<\/p>\n\n\n\n<h3 class=\"wp-block-heading\">B. Condicions d&#8217;acc\u00e9s<\/h3>\n\n\n\n<p>L&#8217;acc\u00e9s a la nostra p\u00e0gina web \u00e9s gratu\u00eft i no exigeix \u200b\u200bpr\u00e8via subscripci\u00f3 o registre.<\/p>\n\n\n\n<p>L&#8217;enviament de dades personals implica l&#8217;acceptaci\u00f3 expressa per part de l&#8217;USUARI de la nostra pol\u00edtica de privadesa, amb l&#8217;habilitaci\u00f3 del check respectiu en el moment de l&#8217;enviament de les vostres dades.<\/p>\n\n\n\n<p>L&#8217;usuari ha d&#8217;accedir a la nostra p\u00e0gina web d&#8217;acord amb la bona fe, les normes d&#8217;ordre p\u00fablic i les presents Condicions Generals d&#8217;\u00fas. L&#8217;acc\u00e9s al nostre lloc web es realitza sota la pr\u00f2pia i exclusiva responsabilitat de l&#8217;usuari, que respondr\u00e0 en tot cas dels danys i els perjudicis que pugui causar a tercers oa nosaltres mateixos.<\/p>\n\n\n\n<p>Tenint en compte la impossibilitat de control respecte a la informaci\u00f3, continguts i serveis que continguin altres p\u00e0gines web als quals es pugui accedir a trav\u00e9s dels enlla\u00e7os que la nostra p\u00e0gina web pugui posar a la seva disposici\u00f3, us comuniquem que quedem eximits de qualsevol responsabilitat pels danys i perjudicis de tota mena que poguessin derivar per la utilitzaci\u00f3 d&#8217;aquestes p\u00e0gines web, alienes a la nostra empresa, per part de l&#8217;usuari.<\/p>\n<\/div>\n<\/div>\n","protected":false},"excerpt":{"rendered":"<div class=\"entry-summary\">\nAv\u00eds legal Aquesta p\u00e0gina Web \u00e9s propietat de FET TARRACO SCCL amb NIF F09690660 i domicili a RAMBLA NOVA, 56, 5-2 43004 TARRAGONA, Espanya. E inscrita al Registre de Cooperatives de Tarragona, amb les dades d&#8217;inscripci\u00f3 seg\u00fcents: full 15857. Per&hellip;\n<\/div>\n<div class=\"link-more-container\"><a href=\"https:\/\/fettarraco.coop\/ca\/avis-legal\/\" class=\"link-more\" aria-label=\"Continue reading Av\u00eds legal\">Continue reading&hellip;<\/a><\/div>\n","protected":false},"author":2,"featured_media":0,"parent":0,"menu_order":0,"comment_status":"closed","ping_status":"closed","template":"","meta":{"_coblocks_attr":"","_coblocks_dimensions":"","_coblocks_responsive_height":"","_coblocks_accordion_ie_support":"","inline_featured_image":false,"_monsterinsights_skip_tracking":false,"_monsterinsights_sitenote_active":false,"_monsterinsights_sitenote_note":"","_monsterinsights_sitenote_category":0,"footnotes":""},"class_list":["post-3336","page","type-page","status-publish","hentry","entry","entry-type-page"],"yoast_head":"<!-- This site is optimized with the Yoast SEO plugin v25.4 - https:\/\/yoast.com\/wordpress\/plugins\/seo\/ -->\n<title>Av\u00eds legal - FeT Tarraco<\/title>\n<meta name=\"description\" content=\"Somos una cooperativa sin \u00e1nimo de lucro, especializada en Formaci\u00f3n Emocional Transformadora para impulsar el crecimiento personal y profesional de las personas en \u00e1mbitos laborales, educativos y sociales.\" \/>\n<meta name=\"robots\" content=\"index, follow, max-snippet:-1, max-image-preview:large, max-video-preview:-1\" \/>\n<link rel=\"canonical\" href=\"https:\/\/fettarraco.coop\/ca\/avis-legal\/\" \/>\n<meta property=\"og:locale\" content=\"ca_ES\" \/>\n<meta property=\"og:type\" content=\"article\" \/>\n<meta property=\"og:title\" content=\"Av\u00eds legal - FeT Tarraco\" \/>\n<meta property=\"og:description\" content=\"Somos una cooperativa sin \u00e1nimo de lucro, especializada en Formaci\u00f3n Emocional Transformadora para impulsar el crecimiento personal y profesional de las personas en \u00e1mbitos laborales, educativos y sociales.\" \/>\n<meta property=\"og:url\" content=\"https:\/\/fettarraco.coop\/ca\/avis-legal\/\" \/>\n<meta property=\"og:site_name\" content=\"FeT Tarraco\" \/>\n<meta property=\"article:modified_time\" content=\"2025-03-03T17:08:31+00:00\" \/>\n<meta name=\"twitter:card\" content=\"summary_large_image\" \/>\n<script type=\"application\/ld+json\" class=\"yoast-schema-graph\">{\"@context\":\"https:\/\/schema.org\",\"@graph\":[{\"@type\":\"WebPage\",\"@id\":\"https:\/\/fettarraco.coop\/ca\/avis-legal\/\",\"url\":\"https:\/\/fettarraco.coop\/ca\/avis-legal\/\",\"name\":\"Av\u00eds legal - FeT Tarraco\",\"isPartOf\":{\"@id\":\"https:\/\/fettarraco.coop\/ca\/#website\"},\"datePublished\":\"2025-01-29T18:51:16+00:00\",\"dateModified\":\"2025-03-03T17:08:31+00:00\",\"description\":\"Somos una cooperativa sin \u00e1nimo de lucro, especializada en Formaci\u00f3n Emocional Transformadora para impulsar el crecimiento personal y profesional de las personas en \u00e1mbitos laborales, educativos y sociales.\",\"breadcrumb\":{\"@id\":\"https:\/\/fettarraco.coop\/ca\/avis-legal\/#breadcrumb\"},\"inLanguage\":\"ca\",\"potentialAction\":[{\"@type\":\"ReadAction\",\"target\":[\"https:\/\/fettarraco.coop\/ca\/avis-legal\/\"]}]},{\"@type\":\"BreadcrumbList\",\"@id\":\"https:\/\/fettarraco.coop\/ca\/avis-legal\/#breadcrumb\",\"itemListElement\":[{\"@type\":\"ListItem\",\"position\":1,\"name\":\"Portada\",\"item\":\"https:\/\/fettarraco.coop\/ca\/\"},{\"@type\":\"ListItem\",\"position\":2,\"name\":\"Av\u00eds legal\"}]},{\"@type\":\"WebSite\",\"@id\":\"https:\/\/fettarraco.coop\/ca\/#website\",\"url\":\"https:\/\/fettarraco.coop\/ca\/\",\"name\":\"Fet Tarraco SCCL\",\"description\":\"Crecimiento personal y empresarial en Tarragona\",\"publisher\":{\"@id\":\"https:\/\/fettarraco.coop\/ca\/#organization\"},\"alternateName\":\"FeT Tarraco\",\"potentialAction\":[{\"@type\":\"SearchAction\",\"target\":{\"@type\":\"EntryPoint\",\"urlTemplate\":\"https:\/\/fettarraco.coop\/ca\/?s={search_term_string}\"},\"query-input\":{\"@type\":\"PropertyValueSpecification\",\"valueRequired\":true,\"valueName\":\"search_term_string\"}}],\"inLanguage\":\"ca\"},{\"@type\":\"Organization\",\"@id\":\"https:\/\/fettarraco.coop\/ca\/#organization\",\"name\":\"FeT Tarraco SCCL\",\"alternateName\":\"FeT Tarraco\",\"url\":\"https:\/\/fettarraco.coop\/ca\/\",\"logo\":{\"@type\":\"ImageObject\",\"inLanguage\":\"ca\",\"@id\":\"https:\/\/fettarraco.coop\/ca\/#\/schema\/logo\/image\/\",\"url\":\"https:\/\/fettarraco.coop\/wp-content\/uploads\/2025\/01\/icono-1.svg\",\"contentUrl\":\"https:\/\/fettarraco.coop\/wp-content\/uploads\/2025\/01\/icono-1.svg\",\"caption\":\"FeT Tarraco SCCL\"},\"image\":{\"@id\":\"https:\/\/fettarraco.coop\/ca\/#\/schema\/logo\/image\/\"}}]}<\/script>\n<!-- \/ Yoast SEO plugin. -->","yoast_head_json":{"title":"Av\u00eds legal - FeT Tarraco","description":"Somos una cooperativa sin \u00e1nimo de lucro, especializada en Formaci\u00f3n Emocional Transformadora para impulsar el crecimiento personal y profesional de las personas en \u00e1mbitos laborales, educativos y sociales.","robots":{"index":"index","follow":"follow","max-snippet":"max-snippet:-1","max-image-preview":"max-image-preview:large","max-video-preview":"max-video-preview:-1"},"canonical":"https:\/\/fettarraco.coop\/ca\/avis-legal\/","og_locale":"ca_ES","og_type":"article","og_title":"Av\u00eds legal - FeT Tarraco","og_description":"Somos una cooperativa sin \u00e1nimo de lucro, especializada en Formaci\u00f3n Emocional Transformadora para impulsar el crecimiento personal y profesional de las personas en \u00e1mbitos laborales, educativos y sociales.","og_url":"https:\/\/fettarraco.coop\/ca\/avis-legal\/","og_site_name":"FeT Tarraco","article_modified_time":"2025-03-03T17:08:31+00:00","twitter_card":"summary_large_image","schema":{"@context":"https:\/\/schema.org","@graph":[{"@type":"WebPage","@id":"https:\/\/fettarraco.coop\/ca\/avis-legal\/","url":"https:\/\/fettarraco.coop\/ca\/avis-legal\/","name":"Av\u00eds legal - FeT Tarraco","isPartOf":{"@id":"https:\/\/fettarraco.coop\/ca\/#website"},"datePublished":"2025-01-29T18:51:16+00:00","dateModified":"2025-03-03T17:08:31+00:00","description":"Somos una cooperativa sin \u00e1nimo de lucro, especializada en Formaci\u00f3n Emocional Transformadora para impulsar el crecimiento personal y profesional de las personas en \u00e1mbitos laborales, educativos y sociales.","breadcrumb":{"@id":"https:\/\/fettarraco.coop\/ca\/avis-legal\/#breadcrumb"},"inLanguage":"ca","potentialAction":[{"@type":"ReadAction","target":["https:\/\/fettarraco.coop\/ca\/avis-legal\/"]}]},{"@type":"BreadcrumbList","@id":"https:\/\/fettarraco.coop\/ca\/avis-legal\/#breadcrumb","itemListElement":[{"@type":"ListItem","position":1,"name":"Portada","item":"https:\/\/fettarraco.coop\/ca\/"},{"@type":"ListItem","position":2,"name":"Av\u00eds legal"}]},{"@type":"WebSite","@id":"https:\/\/fettarraco.coop\/ca\/#website","url":"https:\/\/fettarraco.coop\/ca\/","name":"Fet Tarraco SCCL","description":"Crecimiento personal y empresarial en Tarragona","publisher":{"@id":"https:\/\/fettarraco.coop\/ca\/#organization"},"alternateName":"FeT Tarraco","potentialAction":[{"@type":"SearchAction","target":{"@type":"EntryPoint","urlTemplate":"https:\/\/fettarraco.coop\/ca\/?s={search_term_string}"},"query-input":{"@type":"PropertyValueSpecification","valueRequired":true,"valueName":"search_term_string"}}],"inLanguage":"ca"},{"@type":"Organization","@id":"https:\/\/fettarraco.coop\/ca\/#organization","name":"FeT Tarraco SCCL","alternateName":"FeT Tarraco","url":"https:\/\/fettarraco.coop\/ca\/","logo":{"@type":"ImageObject","inLanguage":"ca","@id":"https:\/\/fettarraco.coop\/ca\/#\/schema\/logo\/image\/","url":"https:\/\/fettarraco.coop\/wp-content\/uploads\/2025\/01\/icono-1.svg","contentUrl":"https:\/\/fettarraco.coop\/wp-content\/uploads\/2025\/01\/icono-1.svg","caption":"FeT Tarraco SCCL"},"image":{"@id":"https:\/\/fettarraco.coop\/ca\/#\/schema\/logo\/image\/"}}]}},"_links":{"self":[{"href":"https:\/\/fettarraco.coop\/ca\/wp-json\/wp\/v2\/pages\/3336","targetHints":{"allow":["GET"]}}],"collection":[{"href":"https:\/\/fettarraco.coop\/ca\/wp-json\/wp\/v2\/pages"}],"about":[{"href":"https:\/\/fettarraco.coop\/ca\/wp-json\/wp\/v2\/types\/page"}],"author":[{"embeddable":true,"href":"https:\/\/fettarraco.coop\/ca\/wp-json\/wp\/v2\/users\/2"}],"replies":[{"embeddable":true,"href":"https:\/\/fettarraco.coop\/ca\/wp-json\/wp\/v2\/comments?post=3336"}],"version-history":[{"count":1,"href":"https:\/\/fettarraco.coop\/ca\/wp-json\/wp\/v2\/pages\/3336\/revisions"}],"predecessor-version":[{"id":3337,"href":"https:\/\/fettarraco.coop\/ca\/wp-json\/wp\/v2\/pages\/3336\/revisions\/3337"}],"wp:attachment":[{"href":"https:\/\/fettarraco.coop\/ca\/wp-json\/wp\/v2\/media?parent=3336"}],"curies":[{"name":"wp","href":"https:\/\/api.w.org\/{rel}","templated":true}]}}