{"id":3344,"date":"2025-01-28T15:18:54","date_gmt":"2025-01-28T15:18:54","guid":{"rendered":"https:\/\/fettarraco.coop\/politica-de-cookies\/"},"modified":"2025-03-04T08:26:10","modified_gmt":"2025-03-04T08:26:10","slug":"politica-de-cookies","status":"publish","type":"page","link":"https:\/\/fettarraco.coop\/ca\/politica-de-cookies\/","title":{"rendered":"Pol\u00edtica de Cookies"},"content":{"rendered":"<div class=\"alignwide-wrap\" data-block=\"columns\">\n<div class=\"wp-block-columns alignwide\">\n<div class=\"wp-block-column\">\n<h1 class=\"wp-block-heading\">Pol\u00edtica de Cookies<\/h1>\n\n\n\n<h2 class=\"wp-block-heading\">1. Objecte<\/h2>\n\n\n\n<p>L&#8217;objecte de la present pol\u00edtica \u00e9s informar de l&#8217;\u00fas de cookies en aquest lloc web d&#8217;acord amb all\u00f2 establert a la legislaci\u00f3 dels serveis de la societat de la informaci\u00f3 i de comer\u00e7 electr\u00f2nic.<\/p>\n\n\n\n<h3 class=\"wp-block-heading\">2. \u00bfQu\u00e9 son las Cookies y para qu\u00e9 se utilizan?<\/h3>\n\n\n\n<p>Les cookies s\u00f3n fitxers o arxius de text que un servidor web genera i emmagatzema a l&#8217;ordinador\/smartphone\/tablet (d&#8217;ara endavant equip) d&#8217;un Usuari en accedir a determinades p\u00e0gines web, per emmagatzemar i recuperar informaci\u00f3 sobre la navegaci\u00f3 que realitza l&#8217;usuari des d&#8217;aquest equip. Tamb\u00e9 poden consistir en un codi que permet identificar l&#8217;usuari inequ\u00edvocament durant la navegaci\u00f3. Per aix\u00f2 les galetes poden emmagatzemar informaci\u00f3 sobre l&#8217;equip d&#8217;un Usuari o sobre les sessions de navegaci\u00f3 dels llocs web que heu visitat, tal com p\u00e0gina que visiteu, el temps de connexi\u00f3 a Internet, i altres dades segons el tipus de cookie.<br><br>En definitiva, l&#8217;\u00fas de cookies a la navegaci\u00f3 a trav\u00e9s del lloc web permet obtenir informaci\u00f3 relativa a la navegaci\u00f3 dels usuaris; millorar lexperi\u00e8ncia de lusuari en la navegaci\u00f3; recollir les estad\u00edstiques d&#8217;\u00fas del lloc web per l&#8217;Usuari i altres informacions com el navegador emprat per l&#8217;Usuari, el nombre de p\u00e0gines visitades, el nombre de visites, el rastreig dels moviments que fa l&#8217;Usuari per un lloc web, el temps que roman al lloc web o en una p\u00e0gina concreta, omplir o buidar el cistell de la compra, i altres geolocalitzar l&#8217;Usuari mitjan\u00e7ant la geolocalitzaci\u00f3 del dispositiu connectat (informaci\u00f3 sobre la regi\u00f3 i, potencialment, dades de la localitat a alguns pa\u00efsos); mesurar l&#8217;efectivitat de les campanyes de correu electr\u00f2nic i millorar les caracter\u00edstiques del servei per a segments espec\u00edfics dels usuaris i especialment dels subscriptors de la recepci\u00f3 de comunicacions electr\u00f2niques comercials publicit\u00e0ries i butlletins; con\u00e8ixer si els receptors de comunicacions electr\u00f2niques comercials publicit\u00e0ries i butlletins han procedit a l&#8217;obertura de les comunicacions esmentades i l&#8217;\u00fas dels enlla\u00e7os continguts en aquests per a cadascun dels destinataris, tal com la pulsaci\u00f3 dels enlla\u00e7os continguts als correus, i poder elaborar amb la informaci\u00f3 recollida informes de seguiment de les campanyes.<br><br>Aquest lloc web utilitza galetes, tant pr\u00f2pies com de tercers. M\u00e9s endavant l&#8217;Usuari pot trobar-hi informaci\u00f3 concreta.<br><\/p>\n\n\n\n<h3 class=\"wp-block-heading\">3. Com s&#8217;autoritza l&#8217;\u00fas de les cookies al nostre lloc web?<\/h3>\n\n\n\n<p>En relaci\u00f3 amb l&#8217;\u00fas d&#8217;utilitzen cookies en aquest lloc web, l&#8217;Usuari ha de saber que ens autoritza i consenteix l&#8217;\u00fas de cookies de la manera seg\u00fcent:<\/p>\n\n\n\n<p>Accepteu l&#8217;\u00fas de les galetes utilitzades en aquest lloc web per a les finalitats indicades en aquesta pol\u00edtica si marqueu o feu clic a l&#8217;av\u00eds d&#8217;ACEPTO que es publica a la primera capa d&#8217;informaci\u00f3.<\/p>\n\n\n\n<p>En tot cas, malgrat l&#8217;acceptaci\u00f3 inicial d&#8217;\u00fas de les cookies a la navegaci\u00f3 a trav\u00e9s del nostre lloc web, en qualsevol moment l&#8217;Usuari pot revocar el seu consentiment, deshabilitant-ne i rebutjant-ne la utilitzaci\u00f3, segons s&#8217;explica a l&#8217;apartat corresponent d&#8217;aquesta pol\u00edtica.<\/p>\n\n\n\n<p>En tot cas, l&#8217;Usuari t\u00e9 el control sobre les cookies, ja que estan emmagatzemades al navegador dels equips que utilitzen. Per tant, en qualsevol moment l&#8217;usuari podr\u00e0 llegir-les, filtrar-les, rebutjar-les i eliminar-les.<\/p>\n\n\n\n<h3 class=\"wp-block-heading\">4. Quines s\u00f3n les galetes de tercers utilitzades i la finalitat d&#8217;\u00fas al lloc web?<\/h3>\n\n\n\n<p><\/p>\n\n\n\n<p>-ga Registra una identificaci\u00f3 particular utilitzada per generar dades sobre l\u00fas del lloc web per part de lusuari.<\/p>\n\n\n\n<p>_ga_# S&#8217;utilitza per distingir usuaris individuals mitjan\u00e7ant la designaci\u00f3 d&#8217;un n\u00famero generat aleat\u00f2riament com a identificador de client, que permet el c\u00e0lcul de visites i sessions.<\/p>\n\n\n\n<p><code>wp-wpml_current_language<\/code> Emmagatzema l&#8217;idioma actual. Aquesta galeta est\u00e0 habilitada per defecte als llocs que utilitzen la funci\u00f3 Filtrat d&#8217;idioma per a operacions AJAX.<\/p>\n<\/div>\n<\/div>\n<\/div>","protected":false},"excerpt":{"rendered":"<div class=\"entry-summary\">\nPol\u00edtica de Cookies 1. Objecte L&#8217;objecte de la present pol\u00edtica \u00e9s informar de l&#8217;\u00fas de cookies en aquest lloc web d&#8217;acord amb all\u00f2 establert a la legislaci\u00f3 dels serveis de la societat de la informaci\u00f3 i de comer\u00e7 electr\u00f2nic. 2.&hellip;\n<\/div>\n<div class=\"link-more-container\"><a href=\"https:\/\/fettarraco.coop\/ca\/politica-de-cookies\/\" class=\"link-more\" aria-label=\"Continue reading Pol\u00edtica de Cookies\">Continue reading&hellip;<\/a><\/div>\n","protected":false},"author":2,"featured_media":0,"parent":0,"menu_order":0,"comment_status":"closed","ping_status":"closed","template":"","meta":{"_coblocks_attr":"","_coblocks_dimensions":"","_coblocks_responsive_height":"","_coblocks_accordion_ie_support":"","inline_featured_image":false,"_monsterinsights_skip_tracking":false,"_monsterinsights_sitenote_active":false,"_monsterinsights_sitenote_note":"","_monsterinsights_sitenote_category":0,"footnotes":""},"class_list":["post-3344","page","type-page","status-publish","hentry","entry","entry-type-page"],"yoast_head":"<!-- This site is optimized with the Yoast SEO plugin v25.4 - https:\/\/yoast.com\/wordpress\/plugins\/seo\/ -->\n<title>Pol\u00edtica de Cookies - FeT Tarraco<\/title>\n<meta name=\"description\" content=\"Somos una cooperativa sin \u00e1nimo de lucro, especializada en Formaci\u00f3n Emocional Transformadora para impulsar el crecimiento personal y profesional de las personas en \u00e1mbitos laborales, educativos y sociales.\" \/>\n<meta name=\"robots\" content=\"index, follow, max-snippet:-1, max-image-preview:large, max-video-preview:-1\" \/>\n<link rel=\"canonical\" href=\"https:\/\/fettarraco.coop\/ca\/politica-de-cookies\/\" \/>\n<meta property=\"og:locale\" content=\"ca_ES\" \/>\n<meta property=\"og:type\" content=\"article\" \/>\n<meta property=\"og:title\" content=\"Pol\u00edtica de Cookies - FeT Tarraco\" \/>\n<meta property=\"og:description\" content=\"Somos una cooperativa sin \u00e1nimo de lucro, especializada en Formaci\u00f3n Emocional Transformadora para impulsar el crecimiento personal y profesional de las personas en \u00e1mbitos laborales, educativos y sociales.\" \/>\n<meta property=\"og:url\" content=\"https:\/\/fettarraco.coop\/ca\/politica-de-cookies\/\" \/>\n<meta property=\"og:site_name\" content=\"FeT Tarraco\" \/>\n<meta property=\"article:modified_time\" content=\"2025-03-04T08:26:10+00:00\" \/>\n<meta name=\"twitter:card\" content=\"summary_large_image\" \/>\n<script type=\"application\/ld+json\" class=\"yoast-schema-graph\">{\"@context\":\"https:\/\/schema.org\",\"@graph\":[{\"@type\":\"WebPage\",\"@id\":\"https:\/\/fettarraco.coop\/ca\/politica-de-cookies\/\",\"url\":\"https:\/\/fettarraco.coop\/ca\/politica-de-cookies\/\",\"name\":\"Pol\u00edtica de Cookies - FeT Tarraco\",\"isPartOf\":{\"@id\":\"https:\/\/fettarraco.coop\/ca\/#website\"},\"datePublished\":\"2025-01-28T15:18:54+00:00\",\"dateModified\":\"2025-03-04T08:26:10+00:00\",\"description\":\"Somos una cooperativa sin \u00e1nimo de lucro, especializada en Formaci\u00f3n Emocional Transformadora para impulsar el crecimiento personal y profesional de las personas en \u00e1mbitos laborales, educativos y sociales.\",\"breadcrumb\":{\"@id\":\"https:\/\/fettarraco.coop\/ca\/politica-de-cookies\/#breadcrumb\"},\"inLanguage\":\"ca\",\"potentialAction\":[{\"@type\":\"ReadAction\",\"target\":[\"https:\/\/fettarraco.coop\/ca\/politica-de-cookies\/\"]}]},{\"@type\":\"BreadcrumbList\",\"@id\":\"https:\/\/fettarraco.coop\/ca\/politica-de-cookies\/#breadcrumb\",\"itemListElement\":[{\"@type\":\"ListItem\",\"position\":1,\"name\":\"Portada\",\"item\":\"https:\/\/fettarraco.coop\/ca\/\"},{\"@type\":\"ListItem\",\"position\":2,\"name\":\"Pol\u00edtica de Cookies\"}]},{\"@type\":\"WebSite\",\"@id\":\"https:\/\/fettarraco.coop\/ca\/#website\",\"url\":\"https:\/\/fettarraco.coop\/ca\/\",\"name\":\"Fet Tarraco SCCL\",\"description\":\"Crecimiento personal y empresarial en Tarragona\",\"publisher\":{\"@id\":\"https:\/\/fettarraco.coop\/ca\/#organization\"},\"alternateName\":\"FeT Tarraco\",\"potentialAction\":[{\"@type\":\"SearchAction\",\"target\":{\"@type\":\"EntryPoint\",\"urlTemplate\":\"https:\/\/fettarraco.coop\/ca\/?s={search_term_string}\"},\"query-input\":{\"@type\":\"PropertyValueSpecification\",\"valueRequired\":true,\"valueName\":\"search_term_string\"}}],\"inLanguage\":\"ca\"},{\"@type\":\"Organization\",\"@id\":\"https:\/\/fettarraco.coop\/ca\/#organization\",\"name\":\"FeT Tarraco SCCL\",\"alternateName\":\"FeT Tarraco\",\"url\":\"https:\/\/fettarraco.coop\/ca\/\",\"logo\":{\"@type\":\"ImageObject\",\"inLanguage\":\"ca\",\"@id\":\"https:\/\/fettarraco.coop\/ca\/#\/schema\/logo\/image\/\",\"url\":\"https:\/\/fettarraco.coop\/wp-content\/uploads\/2025\/01\/icono-1.svg\",\"contentUrl\":\"https:\/\/fettarraco.coop\/wp-content\/uploads\/2025\/01\/icono-1.svg\",\"caption\":\"FeT Tarraco SCCL\"},\"image\":{\"@id\":\"https:\/\/fettarraco.coop\/ca\/#\/schema\/logo\/image\/\"}}]}<\/script>\n<!-- \/ Yoast SEO plugin. -->","yoast_head_json":{"title":"Pol\u00edtica de Cookies - FeT Tarraco","description":"Somos una cooperativa sin \u00e1nimo de lucro, especializada en Formaci\u00f3n Emocional Transformadora para impulsar el crecimiento personal y profesional de las personas en \u00e1mbitos laborales, educativos y sociales.","robots":{"index":"index","follow":"follow","max-snippet":"max-snippet:-1","max-image-preview":"max-image-preview:large","max-video-preview":"max-video-preview:-1"},"canonical":"https:\/\/fettarraco.coop\/ca\/politica-de-cookies\/","og_locale":"ca_ES","og_type":"article","og_title":"Pol\u00edtica de Cookies - FeT Tarraco","og_description":"Somos una cooperativa sin \u00e1nimo de lucro, especializada en Formaci\u00f3n Emocional Transformadora para impulsar el crecimiento personal y profesional de las personas en \u00e1mbitos laborales, educativos y sociales.","og_url":"https:\/\/fettarraco.coop\/ca\/politica-de-cookies\/","og_site_name":"FeT Tarraco","article_modified_time":"2025-03-04T08:26:10+00:00","twitter_card":"summary_large_image","schema":{"@context":"https:\/\/schema.org","@graph":[{"@type":"WebPage","@id":"https:\/\/fettarraco.coop\/ca\/politica-de-cookies\/","url":"https:\/\/fettarraco.coop\/ca\/politica-de-cookies\/","name":"Pol\u00edtica de Cookies - FeT Tarraco","isPartOf":{"@id":"https:\/\/fettarraco.coop\/ca\/#website"},"datePublished":"2025-01-28T15:18:54+00:00","dateModified":"2025-03-04T08:26:10+00:00","description":"Somos una cooperativa sin \u00e1nimo de lucro, especializada en Formaci\u00f3n Emocional Transformadora para impulsar el crecimiento personal y profesional de las personas en \u00e1mbitos laborales, educativos y sociales.","breadcrumb":{"@id":"https:\/\/fettarraco.coop\/ca\/politica-de-cookies\/#breadcrumb"},"inLanguage":"ca","potentialAction":[{"@type":"ReadAction","target":["https:\/\/fettarraco.coop\/ca\/politica-de-cookies\/"]}]},{"@type":"BreadcrumbList","@id":"https:\/\/fettarraco.coop\/ca\/politica-de-cookies\/#breadcrumb","itemListElement":[{"@type":"ListItem","position":1,"name":"Portada","item":"https:\/\/fettarraco.coop\/ca\/"},{"@type":"ListItem","position":2,"name":"Pol\u00edtica de Cookies"}]},{"@type":"WebSite","@id":"https:\/\/fettarraco.coop\/ca\/#website","url":"https:\/\/fettarraco.coop\/ca\/","name":"Fet Tarraco SCCL","description":"Crecimiento personal y empresarial en Tarragona","publisher":{"@id":"https:\/\/fettarraco.coop\/ca\/#organization"},"alternateName":"FeT Tarraco","potentialAction":[{"@type":"SearchAction","target":{"@type":"EntryPoint","urlTemplate":"https:\/\/fettarraco.coop\/ca\/?s={search_term_string}"},"query-input":{"@type":"PropertyValueSpecification","valueRequired":true,"valueName":"search_term_string"}}],"inLanguage":"ca"},{"@type":"Organization","@id":"https:\/\/fettarraco.coop\/ca\/#organization","name":"FeT Tarraco SCCL","alternateName":"FeT Tarraco","url":"https:\/\/fettarraco.coop\/ca\/","logo":{"@type":"ImageObject","inLanguage":"ca","@id":"https:\/\/fettarraco.coop\/ca\/#\/schema\/logo\/image\/","url":"https:\/\/fettarraco.coop\/wp-content\/uploads\/2025\/01\/icono-1.svg","contentUrl":"https:\/\/fettarraco.coop\/wp-content\/uploads\/2025\/01\/icono-1.svg","caption":"FeT Tarraco SCCL"},"image":{"@id":"https:\/\/fettarraco.coop\/ca\/#\/schema\/logo\/image\/"}}]}},"_links":{"self":[{"href":"https:\/\/fettarraco.coop\/ca\/wp-json\/wp\/v2\/pages\/3344","targetHints":{"allow":["GET"]}}],"collection":[{"href":"https:\/\/fettarraco.coop\/ca\/wp-json\/wp\/v2\/pages"}],"about":[{"href":"https:\/\/fettarraco.coop\/ca\/wp-json\/wp\/v2\/types\/page"}],"author":[{"embeddable":true,"href":"https:\/\/fettarraco.coop\/ca\/wp-json\/wp\/v2\/users\/2"}],"replies":[{"embeddable":true,"href":"https:\/\/fettarraco.coop\/ca\/wp-json\/wp\/v2\/comments?post=3344"}],"version-history":[{"count":2,"href":"https:\/\/fettarraco.coop\/ca\/wp-json\/wp\/v2\/pages\/3344\/revisions"}],"predecessor-version":[{"id":3392,"href":"https:\/\/fettarraco.coop\/ca\/wp-json\/wp\/v2\/pages\/3344\/revisions\/3392"}],"wp:attachment":[{"href":"https:\/\/fettarraco.coop\/ca\/wp-json\/wp\/v2\/media?parent=3344"}],"curies":[{"name":"wp","href":"https:\/\/api.w.org\/{rel}","templated":true}]}}